{"id":73,"date":"2012-04-15T12:00:00","date_gmt":"2012-04-15T12:00:00","guid":{"rendered":"http:\/\/www.anchorageco.com\/?page_id=73"},"modified":"2016-05-25T17:21:15","modified_gmt":"2016-05-25T16:21:15","slug":"autres-informations","status":"publish","type":"page","link":"https:\/\/www.anchorageco.com\/?page_id=73","title":{"rendered":"Autres informations"},"content":{"rendered":"<h2>Lectures recommand\u00e9es<\/h2>\n<p>Didier Anzieu, <em>Le Groupe et l\u2019Inconscient, l\u2019imaginaire groupal<\/em>, Dunod 1985<\/p>\n<p>Christophe Barratier, avec G\u00e9rard Jugnot, film <em>Les choristes<\/em>, 2004<\/p>\n<p>De et avec G\u00e9rard Jugnot, film <em>Oui, mais<\/em>, 2000<\/p>\n<p><em>La R\u00e8gle de Saint-Beno\u00eet<\/em>, Descl\u00e9e de Brouwer, 1997<\/p>\n<p>Eric Berne, <em>The Structure and Dynamics of Organizations and Groups, Ballantine books, New York<\/em>, 1973<\/p>\n<p>Ken Blanchard, <em>Un Indien dans l\u2019entreprise, donnez un nouveau souffle \u00e0 votre \u00e9quipe<\/em>, Ed d\u2019Organisation 2005<\/p>\n<p>Viktor E. Frankl, <em>D\u00e9couvrir un sens \u00e0 sa vie avec la logoth\u00e9rapie<\/em>, Ed. de l\u2019Homme 1988<\/p>\n<p>Ren\u00e9 Girard, <em>Le Bouc Emissaire<\/em>, LGF &#8211; Livre de Poche 1986<\/p>\n<p>Manfred Kets de Vries, <em>La soci\u00e9t\u00e9 Pygm\u00e9e, m\u00e9taphore de l\u2019\u00e9quipe efficace<\/em>, Le Figaro Entreprises 18\/02\/2002<\/p>\n<p>Emmanuel L\u00e9vinas et Martin Tom Dieck, <em>Le Visage de l\u2019Autre<\/em>, Seuil 2001<\/p>\n<p>Bertrand Martin, Vincent Lenhardt et Bruno Jarosson, <em>Oser la Confiance<\/em>, Insep 1997<\/p>\n<p>Thomas Pyzdek, <em>The End of Management, the birth of spontaneous enterprise<\/em>, Atlantis Publishing 1999<\/p>\n<p>William Schutz, <em>L\u2019El\u00e9ment humain<\/em>, Inter \u00e9ditions 2006<\/p>\n<p>Fran\u00e7oise Kourilsky, <em>Du d\u00e9sir au plaisir de changer<\/em>, Dunod<\/p>\n<p>Meryem Le Saget, <em>Le Manager intuitif<\/em>, Dunod<\/p>\n<p>Collectif \/ Franck Bournois, Thierry Chavel, Alain Filleron et plus de 30 contributeurs, <em>Le grand livre du Coaching<\/em>, Editions d&rsquo;Organisation, 2008<\/p>\n<p>Claude Steiner, <em>L&rsquo;ABC des \u00e9motions<\/em>, InterEditions<\/p>\n<p>Philippe Laurent, <em>Le bonheur au travail<\/em>, Les Editions du Si\u00e8cle 2010<\/p>\n<p>Laurent Gounelle, <em>L&rsquo;homme qui voulait \u00eatre heureux<\/em>, Editions Anne Carri\u00e8re<\/p>\n<h2>Nos sites favoris<\/h2>\n<p><a href=\"http:\/\/one-step-forward.com\/\" target=\"_blank\"> <img decoding=\"async\" loading=\"lazy\" class=\"alignright size-full wp-image-433\" title=\"liens\" src=\"http:\/\/s500801294.onlinehome.fr\/wp-content\/uploads\/2012\/04\/liens.jpg\" alt=\"\" width=\"150\" height=\"136\" \/><\/a><a href=\"http:\/\/www.syntec.evolution-professionnelle.com\/\" target=\"_blank\">Site du SYNTEC<br \/>\n<\/a>Branche Conseil en Evolution Professionnelle<\/p>\n<p><a href=\"http:\/\/www.sfcoach.org\/\" target=\"_blank\">Site de la SFCoach<br \/>\n<\/a>Soci\u00e9t\u00e9 Fran\u00e7aise de Coaching<\/p>\n<p><a href=\"http:\/\/www.aecoaching.eu\/fr\/ACCUEIL-141.html\" target=\"_blank\">Site de l\u2019AEC-EMCC<br \/>\n<\/a>Association Europ\u00e9enne de Coaching<\/p>\n<p><a href=\"http:\/\/www.coachfederation.fr\/\" target=\"_blank\">Site de l\u2019ICF France<br \/>\n<\/a>International Coaching Federation France<\/p>\n","protected":false},"excerpt":{"rendered":"<p>Lectures recommand\u00e9es Didier Anzieu, Le Groupe et l\u2019Inconscient, l\u2019imaginaire groupal, Dunod 1985 Christophe Barratier, avec G\u00e9rard Jugnot, film Les choristes, 2004 De et avec G\u00e9rard Jugnot, film Oui, mais, 2000 La R\u00e8gle de Saint-Beno\u00eet, Descl\u00e9e de Brouwer, 1997 Eric Berne, The Structure and Dynamics of Organizations and Groups, Ballantine books, New York, 1973 Ken Blanchard, [&hellip;]<\/p>\n","protected":false},"author":1,"featured_media":0,"parent":0,"menu_order":5,"comment_status":"closed","ping_status":"closed","template":"","meta":[],"_links":{"self":[{"href":"https:\/\/www.anchorageco.com\/index.php?rest_route=\/wp\/v2\/pages\/73"}],"collection":[{"href":"https:\/\/www.anchorageco.com\/index.php?rest_route=\/wp\/v2\/pages"}],"about":[{"href":"https:\/\/www.anchorageco.com\/index.php?rest_route=\/wp\/v2\/types\/page"}],"author":[{"embeddable":true,"href":"https:\/\/www.anchorageco.com\/index.php?rest_route=\/wp\/v2\/users\/1"}],"replies":[{"embeddable":true,"href":"https:\/\/www.anchorageco.com\/index.php?rest_route=%2Fwp%2Fv2%2Fcomments&post=73"}],"version-history":[{"count":2,"href":"https:\/\/www.anchorageco.com\/index.php?rest_route=\/wp\/v2\/pages\/73\/revisions"}],"predecessor-version":[{"id":470,"href":"https:\/\/www.anchorageco.com\/index.php?rest_route=\/wp\/v2\/pages\/73\/revisions\/470"}],"wp:attachment":[{"href":"https:\/\/www.anchorageco.com\/index.php?rest_route=%2Fwp%2Fv2%2Fmedia&parent=73"}],"curies":[{"name":"wp","href":"https:\/\/api.w.org\/{rel}","templated":true}]}}