{"id":171,"date":"2012-04-15T17:31:24","date_gmt":"2012-04-15T17:31:24","guid":{"rendered":"http:\/\/www.anchorageco.com\/?page_id=171"},"modified":"2021-04-16T10:55:22","modified_gmt":"2021-04-16T09:55:22","slug":"combien-ca-coute","status":"publish","type":"page","link":"https:\/\/www.anchorageco.com\/?page_id=171","title":{"rendered":"Combien \u00e7a co\u00fbte ?"},"content":{"rendered":"<h2>Combien \u00e7a co\u00fbte ?<\/h2>\n<p><img decoding=\"async\" loading=\"lazy\" class=\"alignright size-full wp-image-403\" title=\"prix\" src=\"http:\/\/s500801294.onlinehome.fr\/wp-content\/uploads\/2012\/04\/prix.jpg\" alt=\"\" width=\"100\" height=\"150\" \/>Le co\u00fbt d\u2019un coaching est li\u00e9 \u00e0 sa dur\u00e9e, qui est d\u00e9finie dans le contrat initial en fonction du type de demande. A titre indicatif, le budget \u00e0 pr\u00e9voir pour une d\u00e9marche d\u2019accompagnement individuel se situe g\u00e9n\u00e9ralement entre 10.000 et 15.000 Euros, soit 8 \u00e0 12 s\u00e9ances, pour 20 \u00e0 36 heures. En cas de d\u00e9marche collective, et \u00e9ventuellement de la combinaison des deux, parfois recommand\u00e9e car tr\u00e8s puissante, l\u2019enveloppe variera selon la complexit\u00e9 de la situation, les objectifs \u00e0 atteindre, le nombre des acteurs et des intervenants et les enjeux\u2026<\/p>\n","protected":false},"excerpt":{"rendered":"<p>Combien \u00e7a co\u00fbte ? Le co\u00fbt d\u2019un coaching est li\u00e9 \u00e0 sa dur\u00e9e, qui est d\u00e9finie dans le contrat initial en fonction du type de demande. A titre indicatif, le budget \u00e0 pr\u00e9voir pour une d\u00e9marche d\u2019accompagnement individuel se situe g\u00e9n\u00e9ralement entre 10.000 et 15.000 Euros, soit 8 \u00e0 12 s\u00e9ances, pour 20 \u00e0 36 [&hellip;]<\/p>\n","protected":false},"author":1,"featured_media":0,"parent":48,"menu_order":0,"comment_status":"closed","ping_status":"closed","template":"","meta":[],"_links":{"self":[{"href":"https:\/\/www.anchorageco.com\/index.php?rest_route=\/wp\/v2\/pages\/171"}],"collection":[{"href":"https:\/\/www.anchorageco.com\/index.php?rest_route=\/wp\/v2\/pages"}],"about":[{"href":"https:\/\/www.anchorageco.com\/index.php?rest_route=\/wp\/v2\/types\/page"}],"author":[{"embeddable":true,"href":"https:\/\/www.anchorageco.com\/index.php?rest_route=\/wp\/v2\/users\/1"}],"replies":[{"embeddable":true,"href":"https:\/\/www.anchorageco.com\/index.php?rest_route=%2Fwp%2Fv2%2Fcomments&post=171"}],"version-history":[{"count":1,"href":"https:\/\/www.anchorageco.com\/index.php?rest_route=\/wp\/v2\/pages\/171\/revisions"}],"predecessor-version":[{"id":507,"href":"https:\/\/www.anchorageco.com\/index.php?rest_route=\/wp\/v2\/pages\/171\/revisions\/507"}],"up":[{"embeddable":true,"href":"https:\/\/www.anchorageco.com\/index.php?rest_route=\/wp\/v2\/pages\/48"}],"wp:attachment":[{"href":"https:\/\/www.anchorageco.com\/index.php?rest_route=%2Fwp%2Fv2%2Fmedia&parent=171"}],"curies":[{"name":"wp","href":"https:\/\/api.w.org\/{rel}","templated":true}]}}