{"id":40,"date":"2012-04-15T02:32:29","date_gmt":"2012-04-15T02:32:29","guid":{"rendered":"http:\/\/www.anchorageco.com\/?page_id=40"},"modified":"2023-04-19T14:09:07","modified_gmt":"2023-04-19T13:09:07","slug":"le-fondateur","status":"publish","type":"page","link":"https:\/\/www.anchorageco.com\/?page_id=40","title":{"rendered":"Le Fondateur"},"content":{"rendered":"<h2>Antoine de Montabert, fondateur d\u2019ANCHORAGE &amp; Co.<\/h2>\n<div id=\"bio\" style=\"float: left; width: 70%;\">\n<p><img decoding=\"async\" loading=\"lazy\" class=\"alignleft size-full wp-image-183\" title=\"Antoine de Montabert\" src=\"http:\/\/s500801294.onlinehome.fr\/wp-content\/uploads\/2012\/04\/Antoine.jpg\" alt=\"\" width=\"58\" height=\"87\" \/>Antoine de Montabert, 59 ans d\u00e9but 2023, a une formation initiale de gestion et commerce (ISG 86).<\/p>\n<p>Apr\u00e8s un parcours op\u00e9rationnel (12 ans de commercial et management) dans la publicit\u00e9, l\u2019agro-alimentaire et les services, il s\u2019oriente vers le Conseil en Ressources Humaines et se forme au m\u00e9tier de Consultant chez Acte (Outplacement de Cadres &#8211; 1997).<\/p>\n<p>Rejoignant Transformance en 1999, il se forme et intervient comme Coach sur des chantiers de conduite du changement, en se sp\u00e9cialisant dans l\u2019accompagnement de Managers \u00e0 potentiel et de leurs \u00e9quipes. Il co-anime en 2001\/2002, avec Vincent Lenhardt et d\u2019autres Coachs, des formations au Coaching et au Team-Building.<\/p>\n<p>Ensuite, durant 3 ans chez Synapsis puis Nuages Blancs, Antoine continue \u00e0 accompagner des personnes et des \u00e9quipes \u00e0 la conduite de leurs changements &amp; \u00e9volutions, avant de cr\u00e9er, en 2006, son propre Cabinet ANCHORAGE &amp; Co. pour naviguer, en r\u00e9seau, vers de nouveaux horizons&#8230;<\/p>\n<p>En 2023, il f\u00eate avec succ\u00e8s les 17 premi\u00e8res ann\u00e9es du Cabinet ANCHORAGE &amp; Co. !<\/p>\n<p>Il a accompagn\u00e9 bien plus d&rsquo;une centaine de Cadres, Dirigeants et Managers, \u00e0 titre individuel, et des centaines en collectif.<\/p>\n<p><strong>Bibliographie<\/strong><\/p>\n<p><em>Le Grand Livre du Coaching<\/em><br \/>\n(Ouvrage collectif &#8211; Ed. Eyrolles &#8211; Avril 2008)<\/p>\n<\/div>\n<div id=\"info\" style=\"float: right; width: 130px; background-color: #80a3ae; color: white; padding: 0 5px; margin-left: 10px;\">\n<p style=\"text-align: left;\">59 ans,<br \/>\nEcole de Commerce,<br \/>\nMari\u00e9, 5 enfants<\/p>\n<p style=\"text-align: left;\">37 ans d\u2019exp\u00e9rience professionnelle<\/p>\n<p style=\"text-align: left;\">26 ans de pratique du <strong>Conseil en Evolution Professionnelle<\/strong> (Bilans\/Outplacement) et 23<strong>\u00a0ans de Coaching individuel et d&rsquo;\u00e9quipes, 12 ans de Co-d\u00e9veloppement<\/strong><\/p>\n<\/div>\n<div id=\"info\" style=\"float: right; width: 130px; background-color: #80a3ae; color: white; padding: 0 5px; margin-left: 10px;\">\n<p style=\"text-align: left;\">Supervis\u00e9 r\u00e9guli\u00e8rement (individuellement et\/ou collectivement) pendant plus de 14 ans, et \u00e0 la demande<\/p>\n<p style=\"text-align: left;\">Supervise des coachs<\/p>\n<p style=\"text-align: left;\">Certifi\u00e9 CT+, TMS, HBDI, BELBIN<\/p>\n<p style=\"text-align: left;\">A collabor\u00e9 \u00e0 la mise en place du processus de labellisation \u00ab\u00a0Coach habilit\u00e9 SYNTEC\u00a0\u00bb (2003)<\/p>\n<p style=\"text-align: left;\">A enseign\u00e9 le Coaching (d&rsquo;\u00e9quipe) au DU ASSAS (2003-2008)<\/p>\n<p style=\"text-align: left;\">Membre de Jurys de Certification pour 5 des principales Ecoles de Coaching Fran\u00e7aises<\/p>\n<p style=\"text-align: left;\">Travaille en r\u00e9seau avec des partenaires pour ajuster la voilure&#8230;<\/p>\n<p style=\"text-align: left;\">Accompagne \u00e9galement des personnes \u00e0 titre priv\u00e9 dans leurs \u00e9volutions de vie plus g\u00e9n\u00e9rales (Coaching de vie, Analyse, Th\u00e9rapie)<\/p>\n<\/div>\n","protected":false},"excerpt":{"rendered":"<p>Antoine de Montabert, fondateur d\u2019ANCHORAGE &amp; Co. Antoine de Montabert, 59 ans d\u00e9but 2023, a une formation initiale de gestion et commerce (ISG 86). Apr\u00e8s un parcours op\u00e9rationnel (12 ans de commercial et management) dans la publicit\u00e9, l\u2019agro-alimentaire et les services, il s\u2019oriente vers le Conseil en Ressources Humaines et se forme au m\u00e9tier de [&hellip;]<\/p>\n","protected":false},"author":1,"featured_media":0,"parent":320,"menu_order":0,"comment_status":"closed","ping_status":"closed","template":"","meta":[],"_links":{"self":[{"href":"https:\/\/www.anchorageco.com\/index.php?rest_route=\/wp\/v2\/pages\/40"}],"collection":[{"href":"https:\/\/www.anchorageco.com\/index.php?rest_route=\/wp\/v2\/pages"}],"about":[{"href":"https:\/\/www.anchorageco.com\/index.php?rest_route=\/wp\/v2\/types\/page"}],"author":[{"embeddable":true,"href":"https:\/\/www.anchorageco.com\/index.php?rest_route=\/wp\/v2\/users\/1"}],"replies":[{"embeddable":true,"href":"https:\/\/www.anchorageco.com\/index.php?rest_route=%2Fwp%2Fv2%2Fcomments&post=40"}],"version-history":[{"count":12,"href":"https:\/\/www.anchorageco.com\/index.php?rest_route=\/wp\/v2\/pages\/40\/revisions"}],"predecessor-version":[{"id":515,"href":"https:\/\/www.anchorageco.com\/index.php?rest_route=\/wp\/v2\/pages\/40\/revisions\/515"}],"up":[{"embeddable":true,"href":"https:\/\/www.anchorageco.com\/index.php?rest_route=\/wp\/v2\/pages\/320"}],"wp:attachment":[{"href":"https:\/\/www.anchorageco.com\/index.php?rest_route=%2Fwp%2Fv2%2Fmedia&parent=40"}],"curies":[{"name":"wp","href":"https:\/\/api.w.org\/{rel}","templated":true}]}}