{"id":28,"date":"2012-04-15T02:10:42","date_gmt":"2012-04-15T02:10:42","guid":{"rendered":"http:\/\/www.anchorageco.com\/?page_id=28"},"modified":"2018-11-29T11:49:09","modified_gmt":"2018-11-29T10:49:09","slug":"nos-methodes","status":"publish","type":"page","link":"https:\/\/www.anchorageco.com\/?page_id=28","title":{"rendered":"Nos m\u00e9thodes"},"content":{"rendered":"<h2>Nos m\u00e9thodes<\/h2>\n<p><a href=\"http:\/\/s500801294.onlinehome.fr\/wp-content\/uploads\/2012\/04\/methodes.jpg\"><img decoding=\"async\" loading=\"lazy\" class=\"alignright size-full wp-image-337\" title=\"methodes\" src=\"http:\/\/s500801294.onlinehome.fr\/wp-content\/uploads\/2012\/04\/methodes.jpg\" alt=\"\" width=\"150\" height=\"100\" \/><\/a>Nos m\u00e9thodes sont essentiellement bas\u00e9es sur des accompagnements des personnes, individuellement, en groupe ou en \u00e9quipe, au travers d\u2019entretiens et\/ou de r\u00e9unions\/s\u00e9minaires.<\/p>\n<p>Elles se d\u00e9clinent soit en :<\/p>\n<ul>\n<li>Bilans d\u2019\u00e9volution professionnelle ou d\u2019orientation de carri\u00e8re, appuy\u00e9s sur une d\u00e9marche structur\u00e9e d&rsquo;accompagnement, avec de nombreux outils de r\u00e9flexion\/connaissance de soi\/action,<\/li>\n<li>Coachings individuels et\/ou d\u2019\u00e9quipes, \u00e9labor\u00e9s sur-mesure,<\/li>\n<li>Outplacements individuels, sur-mesure ou illimit\u00e9s,<\/li>\n<li>Programmes de d\u00e9veloppement du Leadership en individuel ou en groupe intra-entreprise,<\/li>\n<li>Et tous programmes de d\u00e9veloppement humain professionnel, sur-mesure, individuels ou collectifs.<\/li>\n<\/ul>\n","protected":false},"excerpt":{"rendered":"<p>Nos m\u00e9thodes Nos m\u00e9thodes sont essentiellement bas\u00e9es sur des accompagnements des personnes, individuellement, en groupe ou en \u00e9quipe, au travers d\u2019entretiens et\/ou de r\u00e9unions\/s\u00e9minaires. Elles se d\u00e9clinent soit en : Bilans d\u2019\u00e9volution professionnelle ou d\u2019orientation de carri\u00e8re, appuy\u00e9s sur une d\u00e9marche structur\u00e9e d&rsquo;accompagnement, avec de nombreux outils de r\u00e9flexion\/connaissance de soi\/action, Coachings individuels et\/ou d\u2019\u00e9quipes, [&hellip;]<\/p>\n","protected":false},"author":1,"featured_media":0,"parent":320,"menu_order":0,"comment_status":"closed","ping_status":"closed","template":"","meta":[],"_links":{"self":[{"href":"https:\/\/www.anchorageco.com\/index.php?rest_route=\/wp\/v2\/pages\/28"}],"collection":[{"href":"https:\/\/www.anchorageco.com\/index.php?rest_route=\/wp\/v2\/pages"}],"about":[{"href":"https:\/\/www.anchorageco.com\/index.php?rest_route=\/wp\/v2\/types\/page"}],"author":[{"embeddable":true,"href":"https:\/\/www.anchorageco.com\/index.php?rest_route=\/wp\/v2\/users\/1"}],"replies":[{"embeddable":true,"href":"https:\/\/www.anchorageco.com\/index.php?rest_route=%2Fwp%2Fv2%2Fcomments&post=28"}],"version-history":[{"count":2,"href":"https:\/\/www.anchorageco.com\/index.php?rest_route=\/wp\/v2\/pages\/28\/revisions"}],"predecessor-version":[{"id":476,"href":"https:\/\/www.anchorageco.com\/index.php?rest_route=\/wp\/v2\/pages\/28\/revisions\/476"}],"up":[{"embeddable":true,"href":"https:\/\/www.anchorageco.com\/index.php?rest_route=\/wp\/v2\/pages\/320"}],"wp:attachment":[{"href":"https:\/\/www.anchorageco.com\/index.php?rest_route=%2Fwp%2Fv2%2Fmedia&parent=28"}],"curies":[{"name":"wp","href":"https:\/\/api.w.org\/{rel}","templated":true}]}}