{"id":15,"date":"2012-04-14T18:33:00","date_gmt":"2012-04-14T18:33:00","guid":{"rendered":"http:\/\/www.anchorageco.com\/?page_id=15"},"modified":"2021-04-16T10:19:21","modified_gmt":"2021-04-16T09:19:21","slug":"accueil","status":"publish","type":"page","link":"https:\/\/www.anchorageco.com\/","title":{"rendered":"Accueil"},"content":{"rendered":"<table style=\"width: 100%;\" border=\"0\" cellspacing=\"0\" cellpadding=\"0\">\n<tbody>\n<tr>\n<td colspan=\"4\"><img decoding=\"async\" loading=\"lazy\" class=\"alignleft size-full wp-image-243\" title=\"accueilhaut01\" src=\"http:\/\/s500801294.onlinehome.fr\/wp-content\/uploads\/2012\/04\/accueilhaut01.jpg\" alt=\"\" width=\"100\" height=\"150\" \/><\/p>\n<h1>ANCHORAGE &amp; Co.<\/h1>\n<p><span style=\"font-size: 12pt;\">Cabinet d&rsquo;Accompagnement Professionnel des Cadres et Dirigeants<br \/>\nD\u00e9veloppement des Personnes, des Richesses\u00a0<\/span><span style=\"font-size: 12pt;\">et des Relations Humaines<\/span><\/p>\n<p><span style=\"font-size: 12pt;\"><br \/>\n<strong>Conduite du Changement &#8211;\u00a0<\/strong><\/span><span style=\"font-size: 12pt;\"><strong>D\u00e9veloppement Manag\u00e9rial et du Leadership &#8211; \u00a0Evolution et Mobilit\u00e9 Professionnelle<\/strong><\/span><\/td>\n<\/tr>\n<tr style=\"height: 20px;\">\n<td style=\"text-align: left;\"><\/td>\n<td style=\"text-align: left;\"><\/td>\n<td style=\"text-align: left;\" width=\"20px\"><\/td>\n<td style=\"text-align: left;\"><\/td>\n<\/tr>\n<tr>\n<td style=\"text-align: justify;\"><img decoding=\"async\" loading=\"lazy\" class=\"alignleft\" title=\"accueilGauche01bis\" src=\"http:\/\/s500801294.onlinehome.fr\/wp-content\/uploads\/2012\/04\/accueilGauche01bis.jpg\" alt=\"\" width=\"100\" height=\"80\" \/><\/td>\n<td style=\"text-align: justify;\">Vous ou vos collaborateurs souhaitez d\u00e9velopper, individuellement ou en \u00e9quipe, votre\u00a0<strong>efficacit\u00e9<\/strong>\u00a0et votre\u00a0<strong>s\u00e9r\u00e9nit\u00e9\u00a0<\/strong>dans vos activit\u00e9s professionnelles&#8230;<\/td>\n<td style=\"text-align: left;\"><\/td>\n<td style=\"text-align: center;\" valign=\"top\"><span style=\"font-size: 16px;\">Notre <strong>vocation<\/strong> est de vous <strong>aider<\/strong> \u00e0 \u00ab\u00a0fluidifer les rouages de votre organisation pour un jeu plus efficace des acteurs\u00a0\u00bb au service de <strong>votre entreprise<\/strong>.<\/span><\/td>\n<\/tr>\n<tr style=\"height: 20px;\">\n<td><\/td>\n<td><\/td>\n<td><\/td>\n<td><\/td>\n<\/tr>\n<tr>\n<td style=\"text-align: justify;\"><img decoding=\"async\" loading=\"lazy\" class=\"alignleft\" title=\"accueilGauche02\" src=\"http:\/\/s500801294.onlinehome.fr\/wp-content\/uploads\/2012\/04\/accueilGauche02.jpg\" alt=\"\" width=\"100\" height=\"67\" \/><\/td>\n<td style=\"text-align: justify;\">Un ou plusieurs membres de notre \u00e9quipe de <strong>coachs<\/strong>\u00a0vous accompagne(nt) dans votre d\u00e9marche, en construisant avec vous un\u00a0<strong>cheminement sur-mesure<\/strong>.<\/td>\n<td><\/td>\n<td valign=\"bottom\" width=\"250px\"><img decoding=\"async\" loading=\"lazy\" class=\"aligncenter\" style=\"text-align: center;\" title=\"accueilbas01\" src=\"http:\/\/s500801294.onlinehome.fr\/wp-content\/uploads\/2012\/04\/accueilbas01.jpg\" alt=\"\" width=\"250\" height=\"87\" \/><\/td>\n<\/tr>\n<\/tbody>\n<\/table>\n","protected":false},"excerpt":{"rendered":"<p>ANCHORAGE &amp; Co. Cabinet d&rsquo;Accompagnement Professionnel des Cadres et Dirigeants D\u00e9veloppement des Personnes, des Richesses\u00a0et des Relations Humaines Conduite du Changement &#8211;\u00a0D\u00e9veloppement Manag\u00e9rial et du Leadership &#8211; \u00a0Evolution et Mobilit\u00e9 Professionnelle Vous ou vos collaborateurs souhaitez d\u00e9velopper, individuellement ou en \u00e9quipe, votre\u00a0efficacit\u00e9\u00a0et votre\u00a0s\u00e9r\u00e9nit\u00e9\u00a0dans vos activit\u00e9s professionnelles&#8230; Notre vocation est de vous aider \u00e0 \u00ab\u00a0fluidifer les [&hellip;]<\/p>\n","protected":false},"author":1,"featured_media":0,"parent":0,"menu_order":0,"comment_status":"closed","ping_status":"closed","template":"","meta":[],"_links":{"self":[{"href":"https:\/\/www.anchorageco.com\/index.php?rest_route=\/wp\/v2\/pages\/15"}],"collection":[{"href":"https:\/\/www.anchorageco.com\/index.php?rest_route=\/wp\/v2\/pages"}],"about":[{"href":"https:\/\/www.anchorageco.com\/index.php?rest_route=\/wp\/v2\/types\/page"}],"author":[{"embeddable":true,"href":"https:\/\/www.anchorageco.com\/index.php?rest_route=\/wp\/v2\/users\/1"}],"replies":[{"embeddable":true,"href":"https:\/\/www.anchorageco.com\/index.php?rest_route=%2Fwp%2Fv2%2Fcomments&post=15"}],"version-history":[{"count":9,"href":"https:\/\/www.anchorageco.com\/index.php?rest_route=\/wp\/v2\/pages\/15\/revisions"}],"predecessor-version":[{"id":492,"href":"https:\/\/www.anchorageco.com\/index.php?rest_route=\/wp\/v2\/pages\/15\/revisions\/492"}],"wp:attachment":[{"href":"https:\/\/www.anchorageco.com\/index.php?rest_route=%2Fwp%2Fv2%2Fmedia&parent=15"}],"curies":[{"name":"wp","href":"https:\/\/api.w.org\/{rel}","templated":true}]}}