{"id":75,"date":"2012-04-15T13:53:24","date_gmt":"2012-04-15T13:53:24","guid":{"rendered":"http:\/\/www.anchorageco.com\/?page_id=75"},"modified":"2023-04-19T14:10:37","modified_gmt":"2023-04-19T13:10:37","slug":"nous-contacter","status":"publish","type":"page","link":"https:\/\/www.anchorageco.com\/?page_id=75","title":{"rendered":"Contactez-nous"},"content":{"rendered":"<h3>Contactez-nous<\/h3>\n<p><img decoding=\"async\" loading=\"lazy\" class=\"aligncenter size-full wp-image-424\" title=\"contact\" src=\"http:\/\/s500801294.onlinehome.fr\/wp-content\/uploads\/2012\/04\/contact.jpg\" alt=\"\" width=\"570\" height=\"194\" srcset=\"https:\/\/www.anchorageco.com\/wp-content\/uploads\/2012\/04\/contact.jpg 570w, https:\/\/www.anchorageco.com\/wp-content\/uploads\/2012\/04\/contact-300x102.jpg 300w\" sizes=\"(max-width: 570px) 100vw, 570px\" \/><\/p>\n<h2>ANCHORAGE &amp; Co.<\/h2>\n<p>Adresse de messagerie<br \/>\n<strong><a href=\"mailto:anchorageco@anchorageco.com\">anchorageco@anchorageco.com<\/a><\/strong><\/p>\n<p><em>Nous vous r\u00e9pondrons au plus vite !<br \/>\nSans nouvelles de notre part dans les 2 jours, t\u00e9l\u00e9phonez-nous.<\/em><\/p>\n<p>T\u00e9l\u00e9phone GSM :\u00a0<strong>+ 33 (0)6 76 61 02 82<\/strong><\/p>\n<p>Si\u00e8ge Social<br \/>\n<strong>Lieu-Dit l&rsquo;\u00c9cousserie du Bas &#8211; Route de Saint-Bonnet de Joux<\/strong><br \/>\n<strong>71220 Sivignon<\/strong><\/p>\n<p>Bureaux de R\u00e9ception<br \/>\nsur RDV \u00e0 Paris \/ Lyon \/ Macon<\/p>\n","protected":false},"excerpt":{"rendered":"<p>Contactez-nous ANCHORAGE &amp; Co. Adresse de messagerie anchorageco@anchorageco.com Nous vous r\u00e9pondrons au plus vite ! Sans nouvelles de notre part dans les 2 jours, t\u00e9l\u00e9phonez-nous. T\u00e9l\u00e9phone GSM :\u00a0+ 33 (0)6 76 61 02 82 Si\u00e8ge Social Lieu-Dit l&rsquo;\u00c9cousserie du Bas &#8211; Route de Saint-Bonnet de Joux 71220 Sivignon Bureaux de R\u00e9ception sur RDV \u00e0 Paris [&hellip;]<\/p>\n","protected":false},"author":1,"featured_media":0,"parent":0,"menu_order":4,"comment_status":"closed","ping_status":"closed","template":"","meta":[],"_links":{"self":[{"href":"https:\/\/www.anchorageco.com\/index.php?rest_route=\/wp\/v2\/pages\/75"}],"collection":[{"href":"https:\/\/www.anchorageco.com\/index.php?rest_route=\/wp\/v2\/pages"}],"about":[{"href":"https:\/\/www.anchorageco.com\/index.php?rest_route=\/wp\/v2\/types\/page"}],"author":[{"embeddable":true,"href":"https:\/\/www.anchorageco.com\/index.php?rest_route=\/wp\/v2\/users\/1"}],"replies":[{"embeddable":true,"href":"https:\/\/www.anchorageco.com\/index.php?rest_route=%2Fwp%2Fv2%2Fcomments&post=75"}],"version-history":[{"count":3,"href":"https:\/\/www.anchorageco.com\/index.php?rest_route=\/wp\/v2\/pages\/75\/revisions"}],"predecessor-version":[{"id":516,"href":"https:\/\/www.anchorageco.com\/index.php?rest_route=\/wp\/v2\/pages\/75\/revisions\/516"}],"wp:attachment":[{"href":"https:\/\/www.anchorageco.com\/index.php?rest_route=%2Fwp%2Fv2%2Fmedia&parent=75"}],"curies":[{"name":"wp","href":"https:\/\/api.w.org\/{rel}","templated":true}]}}