{"id":167,"date":"2012-04-15T17:29:12","date_gmt":"2012-04-15T17:29:12","guid":{"rendered":"http:\/\/www.anchorageco.com\/?page_id=167"},"modified":"2014-03-25T11:01:29","modified_gmt":"2014-03-25T10:01:29","slug":"avec-qui","status":"publish","type":"page","link":"https:\/\/www.anchorageco.com\/?page_id=167","title":{"rendered":"Avec qui ?"},"content":{"rendered":"<h2>Avec qui ?<\/h2>\n<p><img decoding=\"async\" loading=\"lazy\" class=\"alignright size-full wp-image-400\" title=\"coach\" alt=\"\" src=\"http:\/\/s500801294.onlinehome.fr\/wp-content\/uploads\/2012\/04\/coach.jpg\" width=\"150\" height=\"100\" \/>Le coach est un professionnel dot\u00e9 d\u2019une exp\u00e9rience de l\u2019entreprise lui permettant d\u2019appr\u00e9hender la r\u00e9alit\u00e9 du coach\u00e9 et les enjeux de la situation. Il poss\u00e8de une connaissance suffisante des m\u00e9canismes psychologiques entrant en jeu dans les difficult\u00e9s manag\u00e9riales et relationnelles. Enfin, il b\u00e9n\u00e9ficie lui-m\u00eame d\u2019un entra\u00eenement au coaching et de l\u2019accompagnement d\u2019un superviseur (coach plus exp\u00e9riment\u00e9).<\/p>\n","protected":false},"excerpt":{"rendered":"<p>Avec qui ? Le coach est un professionnel dot\u00e9 d\u2019une exp\u00e9rience de l\u2019entreprise lui permettant d\u2019appr\u00e9hender la r\u00e9alit\u00e9 du coach\u00e9 et les enjeux de la situation. Il poss\u00e8de une connaissance suffisante des m\u00e9canismes psychologiques entrant en jeu dans les difficult\u00e9s manag\u00e9riales et relationnelles. Enfin, il b\u00e9n\u00e9ficie lui-m\u00eame d\u2019un entra\u00eenement au coaching et de l\u2019accompagnement d\u2019un [&hellip;]<\/p>\n","protected":false},"author":1,"featured_media":0,"parent":48,"menu_order":0,"comment_status":"closed","ping_status":"closed","template":"","meta":[],"_links":{"self":[{"href":"https:\/\/www.anchorageco.com\/index.php?rest_route=\/wp\/v2\/pages\/167"}],"collection":[{"href":"https:\/\/www.anchorageco.com\/index.php?rest_route=\/wp\/v2\/pages"}],"about":[{"href":"https:\/\/www.anchorageco.com\/index.php?rest_route=\/wp\/v2\/types\/page"}],"author":[{"embeddable":true,"href":"https:\/\/www.anchorageco.com\/index.php?rest_route=\/wp\/v2\/users\/1"}],"replies":[{"embeddable":true,"href":"https:\/\/www.anchorageco.com\/index.php?rest_route=%2Fwp%2Fv2%2Fcomments&post=167"}],"version-history":[{"count":1,"href":"https:\/\/www.anchorageco.com\/index.php?rest_route=\/wp\/v2\/pages\/167\/revisions"}],"predecessor-version":[{"id":448,"href":"https:\/\/www.anchorageco.com\/index.php?rest_route=\/wp\/v2\/pages\/167\/revisions\/448"}],"up":[{"embeddable":true,"href":"https:\/\/www.anchorageco.com\/index.php?rest_route=\/wp\/v2\/pages\/48"}],"wp:attachment":[{"href":"https:\/\/www.anchorageco.com\/index.php?rest_route=%2Fwp%2Fv2%2Fmedia&parent=167"}],"curies":[{"name":"wp","href":"https:\/\/api.w.org\/{rel}","templated":true}]}}