{"id":38,"date":"2012-04-15T02:32:04","date_gmt":"2012-04-15T02:32:04","guid":{"rendered":"http:\/\/www.anchorageco.com\/?page_id=38"},"modified":"2021-04-16T10:41:16","modified_gmt":"2021-04-16T09:41:16","slug":"nos-clients","status":"publish","type":"page","link":"https:\/\/www.anchorageco.com\/?page_id=38","title":{"rendered":"Nos clients"},"content":{"rendered":"<h2>Nos clients<\/h2>\n<p><img decoding=\"async\" loading=\"lazy\" class=\"alignright size-full wp-image-359\" title=\"accompagnement\" src=\"http:\/\/s500801294.onlinehome.fr\/wp-content\/uploads\/2012\/04\/accompagnement.jpg\" alt=\"\" width=\"150\" height=\"100\" \/>Nos Clients sont constitu\u00e9s de personnes travaillant soit dans des Grandes Entreprises Priv\u00e9es ou Institutions Publiques, dont certaines cot\u00e9es au CAC 40, soit dans d\u2019autres structures plus petites, moins connues, PME, voire TPE, mais que nous cherchons toujours \u00e0 bien appr\u00e9hender.<\/p>\n<p>Ce que nos interlocuteurs appr\u00e9cient tout particuli\u00e8rement dans nos collaborations, c\u2019est que nous prenons le temps de faire connaissance, de nous \u00ab apprivoiser \u00bb mutuellement, pour \u00e9tablir et entretenir des relations de forte CONFIANCE, qui permettent en permanence, de \u00ab r\u00e9ajuster le tir \u00bb si n\u00e9cessaire, en fonctionnant en v\u00e9ritables \u00ab Co-Pilotes \u00bb partenaires\u2026<\/p>\n<p>Nos clients peuvent \u00e9galement \u00eatre des Cabinets partenaires avec lesquels nous intervenons en sous-traitance ou en co-traitance.<\/p>\n<p>Enfin, nous accompagnons \u00e9galement quelques personnes \u00e0 titre individuel et priv\u00e9, qu\u2019elles soient en fonction ou en transition, pour les aider \u00e0 se d\u00e9velopper professionnellement et dans leurs entreprises&#8230;<\/p>\n<p><strong>Tous nos clients ont en commun de faire appel \u00e0 l\u2019\u00e9quipe d\u2019ANCHORAGE &amp; Co car ils savent qu\u2019ils seront \u00e9cout\u00e9s et pris en consid\u00e9ration<\/strong>, sans jugement, avec tous leurs enjeux et leurs contraintes, mais aussi tout leur potentiel en devenir, et que les r\u00e9ponses apport\u00e9es, la plupart du temps co-construites, seront ajust\u00e9es sur-mesure, ne faisant appel qu\u2019au strict n\u00e9cessaire.<\/p>\n<p>C\u2019est ce qui permettra l\u2019atteinte, voire le d\u00e9passement, des objectifs, initialement fix\u00e9s de fa\u00e7on transparente entre les diff\u00e9rents interlocuteurs concern\u00e9s : client(s) coach\u00e9(s) ou accompagn\u00e9(s), prescripteur(s) RH et\/ou manag\u00e9rial, lors des entrevues tri\/quadri-partites de d\u00e9marrage des missions. Des points r\u00e9guliers sont propos\u00e9s \u00e0 mi-parcours, et au moins effectu\u00e9s syst\u00e9matiquement \u00e0 la fin de la d\u00e9marche.<\/p>\n<p><em><span style=\"font-size: 10px;\">Voici, \u00e0 titre d\u2019exemple et de fa\u00e7on non-exhaustive, quelques r\u00e9f\u00e9rences d\u2019entreprises qui nous font confiance depuis plus de 15 ans (bient\u00f4t 20 ans pour certains), en direct ou via partenariat avec d&rsquo;autres structures, pour accompagner leurs collaborateurs \u00e0 travers diff\u00e9rentes d\u00e9marches :<\/span><\/em><\/p>\n<div style=\"background: #AAC1C9; color: white; padding: 10px; font-size: 14px;\"><span style=\"color: #ffffff;\"><span style=\"font-size: 14px;\">ACCOR, A.D.P., A.F.D.,\u00a0AIRBUS, ALCATEL, ALPHACAN, ALSTOM, ARCELOR MITTAL, AREVA, AXA, BNP-PARIBAS, BOUCHARA-RECORDATI,\u00a0Groupe BOUYGUES (Filiales), C.D.C., CHANEL, CLUB MED, CNP Assurances, DASSAULT, ELEX, FONCTION PUBLIQUE (diff\u00e9rents Minist\u00e8res : Justice, D\u00e9fense, et Institutions : SGMAP \/ DGME \/ EME \/ SPM&#8230;), GDF-SUEZ (Filiales),\u00a0Groupe L.V.M.H. (Filiales), MALAKOFF-MEDERIC, McDONALD&rsquo;S, MEDIRECT, PHILIPS,\u00a0P.M.U., P\u00d4LE EMPLOI, Groupe\u00a0TOTAL et Filiales&#8230;<\/span><\/span><\/div>\n","protected":false},"excerpt":{"rendered":"<p>Nos clients Nos Clients sont constitu\u00e9s de personnes travaillant soit dans des Grandes Entreprises Priv\u00e9es ou Institutions Publiques, dont certaines cot\u00e9es au CAC 40, soit dans d\u2019autres structures plus petites, moins connues, PME, voire TPE, mais que nous cherchons toujours \u00e0 bien appr\u00e9hender. Ce que nos interlocuteurs appr\u00e9cient tout particuli\u00e8rement dans nos collaborations, c\u2019est que [&hellip;]<\/p>\n","protected":false},"author":1,"featured_media":0,"parent":320,"menu_order":0,"comment_status":"closed","ping_status":"closed","template":"","meta":[],"_links":{"self":[{"href":"https:\/\/www.anchorageco.com\/index.php?rest_route=\/wp\/v2\/pages\/38"}],"collection":[{"href":"https:\/\/www.anchorageco.com\/index.php?rest_route=\/wp\/v2\/pages"}],"about":[{"href":"https:\/\/www.anchorageco.com\/index.php?rest_route=\/wp\/v2\/types\/page"}],"author":[{"embeddable":true,"href":"https:\/\/www.anchorageco.com\/index.php?rest_route=\/wp\/v2\/users\/1"}],"replies":[{"embeddable":true,"href":"https:\/\/www.anchorageco.com\/index.php?rest_route=%2Fwp%2Fv2%2Fcomments&post=38"}],"version-history":[{"count":6,"href":"https:\/\/www.anchorageco.com\/index.php?rest_route=\/wp\/v2\/pages\/38\/revisions"}],"predecessor-version":[{"id":499,"href":"https:\/\/www.anchorageco.com\/index.php?rest_route=\/wp\/v2\/pages\/38\/revisions\/499"}],"up":[{"embeddable":true,"href":"https:\/\/www.anchorageco.com\/index.php?rest_route=\/wp\/v2\/pages\/320"}],"wp:attachment":[{"href":"https:\/\/www.anchorageco.com\/index.php?rest_route=%2Fwp%2Fv2%2Fmedia&parent=38"}],"curies":[{"name":"wp","href":"https:\/\/api.w.org\/{rel}","templated":true}]}}