{"id":12,"date":"2012-04-14T18:28:54","date_gmt":"2012-04-14T18:28:54","guid":{"rendered":"http:\/\/www.anchorageco.com\/?page_id=12"},"modified":"2021-04-16T10:26:49","modified_gmt":"2021-04-16T09:26:49","slug":"vos-objectifs-et-vos-besoins","status":"publish","type":"page","link":"https:\/\/www.anchorageco.com\/?page_id=12","title":{"rendered":"Vos objectifs et besoins"},"content":{"rendered":"<h2>Vos objectifs et vos besoins<\/h2>\n<p><a href=\"http:\/\/s500801294.onlinehome.fr\/wp-content\/uploads\/2012\/04\/objectifs.jpg\"><img decoding=\"async\" loading=\"lazy\" class=\"size-full wp-image-20 alignright\" title=\"objectifs\" src=\"http:\/\/s500801294.onlinehome.fr\/wp-content\/uploads\/2012\/04\/objectifs.jpg\" alt=\"\" width=\"118\" height=\"150\" \/><\/a><\/p>\n<p>Vous cherchez, pour vous en tant que Cadre, Dirigeant, Manager, Professionnel Responsable, ou pour vos collaborateurs, en tant que Prescripteur RH ou Manag\u00e9rial, un accompagnement en vue de :<\/p>\n<p>&#8211; <strong>D\u00e9velopper<\/strong> sa connaissance de soi, son efficacit\u00e9, sa s\u00e9r\u00e9nit\u00e9 ;<\/p>\n<p>&#8211;\u00a0<strong>\u00c9voluer<\/strong>\u00a0dans sa carri\u00e8re professionnelle, en interne ou en externe ;<\/p>\n<p>&#8211; <strong>Am\u00e9liorer<\/strong> son efficacit\u00e9 manag\u00e9riale ou relationnelle ;<\/p>\n<p>&#8211; G\u00e9rer une <strong>crise<\/strong> ou un <strong>conflit <\/strong>;<\/p>\n<p>&#8211; <strong>Diminuer son stress<\/strong>, r\u00e9-envisager son <strong>organisation<\/strong>, son rapport au <strong>temps<\/strong> ;<\/p>\n<p>&#8211; <strong>Performer dans un challenge \u00e0 fort enjeu<\/strong> (prise de poste, passage d\u2019une fonction technique \u00e0 manag\u00e9riale\u2026) ;<\/p>\n<p>&#8211; <strong>Aborder une transition<\/strong> d\u00e9licate, <strong>franchir une \u00e9tape<\/strong> d\u00e9cisive, passer un cap\u2026<\/p>\n<p>&#8211; Constituer, <strong>f\u00e9d\u00e9rer une \u00e9quipe<\/strong>, ou accro\u00eetre sa <strong>coh\u00e9sion<\/strong>, renforcer son efficience ;<\/p>\n<p>&#8211; <strong>Transformer<\/strong> une \u00e9quipe de Directeurs en v\u00e9ritable Comit\u00e9 de Direction ;<\/p>\n<p>&#8211; Elaborer une <b>VISION<\/b>\u00a0<strong>STRAT\u00c9GIQUE<\/strong> ;<\/p>\n<p>&#8211; Augmenter son <strong>LEADERSHIP<\/strong> ;<\/p>\n<p>&#8211; Ou tout simplement, prendre un peu de <strong>recul<\/strong>, trouver un <strong>soutien<\/strong> en \u00e9changeant et partageant sur sa situation avec un professionnel, etc.<\/p>\n<p>Que ce soit au niveau individuel, de l\u2019\u00e9quipe ou de l\u2019organisation.<\/p>\n<p><a title=\"Articles 01Informatique\" href=\"http:\/\/www.anchorageco.com\/?page_id=210\" target=\"_blank\" rel=\"noopener\">Des exemples parus dans 01Informatique<\/a><\/p>\n<h3 style=\"text-align: right;\"><strong>Et vous, quels sont vos projets ?<\/strong><\/h3>\n<p style=\"text-align: right;\"><a title=\"Contactez-nous\" href=\"http:\/\/www.anchorageco.com\/?page_id=75\"><strong>Contactez-nous pour en parler<\/strong><\/a><\/p>\n","protected":false},"excerpt":{"rendered":"<p>Vos objectifs et vos besoins Vous cherchez, pour vous en tant que Cadre, Dirigeant, Manager, Professionnel Responsable, ou pour vos collaborateurs, en tant que Prescripteur RH ou Manag\u00e9rial, un accompagnement en vue de : &#8211; D\u00e9velopper sa connaissance de soi, son efficacit\u00e9, sa s\u00e9r\u00e9nit\u00e9 ; &#8211;\u00a0\u00c9voluer\u00a0dans sa carri\u00e8re professionnelle, en interne ou en externe ; [&hellip;]<\/p>\n","protected":false},"author":1,"featured_media":0,"parent":320,"menu_order":0,"comment_status":"closed","ping_status":"closed","template":"","meta":[],"_links":{"self":[{"href":"https:\/\/www.anchorageco.com\/index.php?rest_route=\/wp\/v2\/pages\/12"}],"collection":[{"href":"https:\/\/www.anchorageco.com\/index.php?rest_route=\/wp\/v2\/pages"}],"about":[{"href":"https:\/\/www.anchorageco.com\/index.php?rest_route=\/wp\/v2\/types\/page"}],"author":[{"embeddable":true,"href":"https:\/\/www.anchorageco.com\/index.php?rest_route=\/wp\/v2\/users\/1"}],"replies":[{"embeddable":true,"href":"https:\/\/www.anchorageco.com\/index.php?rest_route=%2Fwp%2Fv2%2Fcomments&post=12"}],"version-history":[{"count":4,"href":"https:\/\/www.anchorageco.com\/index.php?rest_route=\/wp\/v2\/pages\/12\/revisions"}],"predecessor-version":[{"id":496,"href":"https:\/\/www.anchorageco.com\/index.php?rest_route=\/wp\/v2\/pages\/12\/revisions\/496"}],"up":[{"embeddable":true,"href":"https:\/\/www.anchorageco.com\/index.php?rest_route=\/wp\/v2\/pages\/320"}],"wp:attachment":[{"href":"https:\/\/www.anchorageco.com\/index.php?rest_route=%2Fwp%2Fv2%2Fmedia&parent=12"}],"curies":[{"name":"wp","href":"https:\/\/api.w.org\/{rel}","templated":true}]}}