{"id":162,"date":"2012-04-15T17:27:13","date_gmt":"2012-04-15T17:27:13","guid":{"rendered":"http:\/\/www.anchorageco.com\/?page_id=162"},"modified":"2021-04-16T10:50:53","modified_gmt":"2021-04-16T09:50:53","slug":"pour-qui","status":"publish","type":"page","link":"https:\/\/www.anchorageco.com\/?page_id=162","title":{"rendered":"Pour qui ?"},"content":{"rendered":"<h2>Pour qui ?<\/h2>\n<p><img decoding=\"async\" loading=\"lazy\" class=\"alignright size-full wp-image-398\" title=\"qui\" src=\"http:\/\/s500801294.onlinehome.fr\/wp-content\/uploads\/2012\/04\/qui1.jpg\" alt=\"\" width=\"150\" height=\"100\" \/>Le coach\u00e9 peut \u00eatre toute personne, qui exerce la plupart du temps un r\u00f4le de manager : dirigeants et cadres de tous niveaux.<\/p>\n<p>Le coaching est \u00e9galement destin\u00e9 aux \u00e9quipes qui n\u00e9cessitent plus de coh\u00e9sion ou qui souhaitent am\u00e9liorer leurs performances.<\/p>\n<p>Il s\u2019adresse enfin \u00e0 quiconque d\u00e9sire r\u00e9soudre des difficult\u00e9s professionnelles, re-dynamiser sa carri\u00e8re ou d\u00e9velopper son potentiel.<\/p>\n<p style=\"text-align: right;\"><em><strong><a title=\"T\u00e9moignages\" href=\"http:\/\/www.anchorageco.com\/?page_id=142\" target=\"_blank\" rel=\"noopener\">T\u00e9moignages de Coach\u00e9s<\/a><\/strong><\/em><\/p>\n","protected":false},"excerpt":{"rendered":"<p>Pour qui ? Le coach\u00e9 peut \u00eatre toute personne, qui exerce la plupart du temps un r\u00f4le de manager : dirigeants et cadres de tous niveaux. Le coaching est \u00e9galement destin\u00e9 aux \u00e9quipes qui n\u00e9cessitent plus de coh\u00e9sion ou qui souhaitent am\u00e9liorer leurs performances. Il s\u2019adresse enfin \u00e0 quiconque d\u00e9sire r\u00e9soudre des difficult\u00e9s professionnelles, re-dynamiser [&hellip;]<\/p>\n","protected":false},"author":1,"featured_media":0,"parent":48,"menu_order":0,"comment_status":"closed","ping_status":"closed","template":"","meta":[],"_links":{"self":[{"href":"https:\/\/www.anchorageco.com\/index.php?rest_route=\/wp\/v2\/pages\/162"}],"collection":[{"href":"https:\/\/www.anchorageco.com\/index.php?rest_route=\/wp\/v2\/pages"}],"about":[{"href":"https:\/\/www.anchorageco.com\/index.php?rest_route=\/wp\/v2\/types\/page"}],"author":[{"embeddable":true,"href":"https:\/\/www.anchorageco.com\/index.php?rest_route=\/wp\/v2\/users\/1"}],"replies":[{"embeddable":true,"href":"https:\/\/www.anchorageco.com\/index.php?rest_route=%2Fwp%2Fv2%2Fcomments&post=162"}],"version-history":[{"count":1,"href":"https:\/\/www.anchorageco.com\/index.php?rest_route=\/wp\/v2\/pages\/162\/revisions"}],"predecessor-version":[{"id":504,"href":"https:\/\/www.anchorageco.com\/index.php?rest_route=\/wp\/v2\/pages\/162\/revisions\/504"}],"up":[{"embeddable":true,"href":"https:\/\/www.anchorageco.com\/index.php?rest_route=\/wp\/v2\/pages\/48"}],"wp:attachment":[{"href":"https:\/\/www.anchorageco.com\/index.php?rest_route=%2Fwp%2Fv2%2Fmedia&parent=162"}],"curies":[{"name":"wp","href":"https:\/\/api.w.org\/{rel}","templated":true}]}}